{"id":82,"date":"2020-08-29T12:05:22","date_gmt":"2020-08-29T12:05:22","guid":{"rendered":"http:\/\/geometry.ulb.ac.be\/bowl\/?page_id=82"},"modified":"2022-01-12T06:38:49","modified_gmt":"2022-01-12T06:38:49","slug":"previous-talks","status":"publish","type":"page","link":"https:\/\/geometry.ulb.ac.be\/bowl\/previous-talks\/","title":{"rendered":"Previous talks"},"content":{"rendered":"\n<figure class=\"wp-block-image size-large is-style-default\"><img loading=\"lazy\" decoding=\"async\" width=\"1024\" height=\"503\" src=\"http:\/\/geometry.ulb.ac.be\/bowl\/wp-content\/uploads\/sites\/8\/2020\/08\/Red-Bowl-02-by-Larry-Jacobsen-1024x503.jpg\" alt=\"\" class=\"wp-image-39\" srcset=\"https:\/\/geometry.ulb.ac.be\/bowl\/wp-content\/uploads\/sites\/8\/2020\/08\/Red-Bowl-02-by-Larry-Jacobsen-1024x503.jpg 1024w, https:\/\/geometry.ulb.ac.be\/bowl\/wp-content\/uploads\/sites\/8\/2020\/08\/Red-Bowl-02-by-Larry-Jacobsen-300x147.jpg 300w, https:\/\/geometry.ulb.ac.be\/bowl\/wp-content\/uploads\/sites\/8\/2020\/08\/Red-Bowl-02-by-Larry-Jacobsen-768x377.jpg 768w, https:\/\/geometry.ulb.ac.be\/bowl\/wp-content\/uploads\/sites\/8\/2020\/08\/Red-Bowl-02-by-Larry-Jacobsen-1536x755.jpg 1536w, https:\/\/geometry.ulb.ac.be\/bowl\/wp-content\/uploads\/sites\/8\/2020\/08\/Red-Bowl-02-by-Larry-Jacobsen-2048x1006.jpg 2048w\" sizes=\"auto, (max-width: 1024px) 100vw, 1024px\" \/><\/figure>\n\n\n\n<h2 class=\"wp-block-heading\">2021<\/h2>\n\n\n\n<p><strong><a href=\"https:\/\/geometry.ulb.ac.be\/bowl\/ilyas-khan-oxford\/\" data-type=\"page\" data-id=\"330\">The structure of mean curvature flow translators with finite total curvature<\/a><\/strong><br>Ilyas Khan (Oxford) 14-12-21<br><br><strong><a href=\"https:\/\/geometry.ulb.ac.be\/bowl\/panagiota-daskalopoulos-columbia\/\" data-type=\"page\" data-id=\"309\">Type II smoothing in mean curvature flow<\/a><\/strong><br>Panagiota Daskalopoulos (Columbia) 30-11-21<br><br><strong><a href=\"https:\/\/geometry.ulb.ac.be\/bowl\/christina-sormani-cuny\/\" data-type=\"page\" data-id=\"304\">VF convergence and scalar curvature<\/a><\/strong><br>Christina Sormani (CUNY) 16-11-21<br><br><a href=\"https:\/\/geometry.ulb.ac.be\/bowl\/thomas-koerber-vienna\/\" data-type=\"page\" data-id=\"302\"><strong>Foliations of asymptotically flat 3-manifolds<\/strong><\/a><br>Thomas K\u00f6rber (Vienna) 02-11-21<\/p>\n\n\n\n<p><strong><a href=\"https:\/\/geometry.ulb.ac.be\/bowl\/christoph-bohm-munster\/\" data-type=\"page\" data-id=\"300\">Non-compact Einstein manifolds with symmetry<\/a><\/strong><br>Christoph B\u00f6hm (M\u00fcnster) 19-10-21<br><br><strong><a href=\"https:\/\/geometry.ulb.ac.be\/bowl\/martin-taylor-imperial-college\/\" data-type=\"page\" data-id=\"297\">The non-linear stability of the Schwarzschild family of black holes<\/a><\/strong><br>Martin Taylor (Imperial College) 05-10-21<br><br><strong><a href=\"https:\/\/geometry.ulb.ac.be\/bowl\/laura-fredrickson-oregon\/\" data-type=\"page\" data-id=\"266\">ALG gravitational instantons and Hitchin moduli<\/a><\/strong><br>Laura Fredrickson (Oregon) 15-06-21<\/p>\n\n\n\n<p><strong><a href=\"https:\/\/geometry.ulb.ac.be\/bowl\/anna-siffert-munster\/\" data-type=\"page\" data-id=\"271\">Construction of explicit p-harmonic functions<\/a><\/strong><br>Anna Siffert (M\u00fcnster) 08-06-21<\/p>\n\n\n\n<p><strong><a href=\"https:\/\/geometry.ulb.ac.be\/bowl\/hans-joachim-hein-munster\/\" data-type=\"page\" data-id=\"264\">Smooth asymptotics for collapsing Calabi-Yau metrics<\/a><\/strong><br>Hans-Joachim Hein (M\u00fcnster) 01-06-21<\/p>\n\n\n\n<p><strong><a href=\"https:\/\/geometry.ulb.ac.be\/bowl\/costante-bellettini-ucl\/\" data-type=\"page\" data-id=\"261\">Existence of hypersurfaces with prescribed mean curvature<\/a><\/strong><br>Costante Bellettini (University College London) 25-05-21<\/p>\n\n\n\n<p><strong><a href=\"https:\/\/geometry.ulb.ac.be\/bowl\/yevgeny-liokumovich-toronto\/\" data-type=\"page\" data-id=\"258\">Foliations of 3-manifolds of positive scalar curvature by surfaces of controlled size<\/a><\/strong><br>Yevgeny Liokumovich (Toronto) 18-05-21<\/p>\n\n\n\n<p><strong><a href=\"https:\/\/geometry.ulb.ac.be\/bowl\/gilles-carron-nantes\/\" data-type=\"page\" data-id=\"256\">Rigidity of the Euclidean heat kernel<\/a><\/strong><br>Gilles Carron (Nantes) 11-05-21<\/p>\n\n\n\n<p><strong><a href=\"https:\/\/geometry.ulb.ac.be\/bowl\/robert-haslhofer-toronto\/\" data-type=\"page\" data-id=\"254\">Mean curvature flow through neck-singularities<\/a><\/strong><br>Robert Haslhofer (Toronto) 04-05-21<\/p>\n\n\n\n<p><strong><a href=\"https:\/\/geometry.ulb.ac.be\/bowl\/ilaria-mondello-paris-est-creteil\/\" data-type=\"page\" data-id=\"224\">Limits of manifolds with a Kato bound on the Ricci curvature<\/a><\/strong><br>Ilaria Mondello (Paris-Est Cr\u00e9teil) 30-03-21<\/p>\n\n\n\n<p><strong><a href=\"https:\/\/geometry.ulb.ac.be\/bowl\/yi-lai-berkeley\/\" data-type=\"page\" data-id=\"222\">A family of 3d steady gradient solitons that are flying wings<\/a><\/strong><br>Yi Lai (Berkeley) 23-03-21<\/p>\n\n\n\n<p><strong><a href=\"https:\/\/geometry.ulb.ac.be\/bowl\/robin-neumayer-northwestern\/\" data-type=\"page\" data-id=\"220\">d_p Convergence and epsilon-regularity theorems for entropy and scalar curvature lower bounds<\/a><\/strong><br>Robin Neumayer (Northwestern) 16-03-21<\/p>\n\n\n\n<p><strong><a href=\"https:\/\/geometry.ulb.ac.be\/bowl\/richard-bamler-berkeley\/\" data-type=\"page\" data-id=\"218\">Compactness and partial regularity theory of Ricci flows in higher dimensions<\/a><\/strong><br>Richard Bamler (Berkeley) 09-03-21<\/p>\n\n\n\n<p><strong><a href=\"https:\/\/geometry.ulb.ac.be\/bowl\/gabor-szekelyhidi-notre-dame\/\" data-type=\"page\" data-id=\"216\">Uniqueness of certain cylindrical tangent cones<\/a><\/strong><br>G\u00e1bor Sz\u00e9kelyhidi (Noter Dame) 02-03-21<\/p>\n\n\n\n<p><strong><a href=\"https:\/\/geometry.ulb.ac.be\/bowl\/eleonora-di-nezza-ecole-polytechnique\/\" data-type=\"page\" data-id=\"213\">Families of\u00a0K\u00e4hler-Einstein metrics<\/a><\/strong><br>Eleonora Di Nezza (Ecole Polytechnique) 23-02-21<\/p>\n\n\n\n<p><strong><a href=\"http:\/\/geometry.ulb.ac.be\/bowl\/claude-lebrun-stonybrook\/\" data-type=\"page\" data-id=\"211\">Anti-self-dual 4-manifolds, quasi-Fuchsian groups and almost K\u00e4hler geometry<\/a><\/strong> (with link to slides)<br>Claude LeBrun (Stony Brook NY) 16-02-21<\/p>\n\n\n\n<p><a href=\"http:\/\/geometry.ulb.ac.be\/bowl\/chao-li-princeton\/\" data-type=\"page\" data-id=\"206\"><strong>Scalar curvature on aspherical manifolds<\/strong><\/a><br>Chao Li (Princeton) 02-02-21<\/p>\n\n\n\n<p><a href=\"http:\/\/geometry.ulb.ac.be\/bowl\/theodora-bourni-tennessee\/\" data-type=\"page\" data-id=\"204\"><strong>Ancient solutions to mean curvature flow<\/strong><\/a><br>Theodora Bourni (Tennessee) 26-01-21<\/p>\n\n\n\n<p><a href=\"http:\/\/geometry.ulb.ac.be\/bowl\/frtiz-hiesmayr-ucl\/\" data-type=\"page\" data-id=\"202\"><strong>A Bernstein theorem for two-valued minimal graphs in dimension four<\/strong><\/a><br>Fritz Hiesmayr (UCL) 19-01-21<\/p>\n\n\n\n<p><\/p>\n\n\n\n<h2 class=\"wp-block-heading\">2020<\/h2>\n\n\n\n<p><span class=\"has-inline-color has-black-color\"><a href=\"http:\/\/geometry.ulb.ac.be\/bowl\/casey-kelleher-princeton\/\"><strong>Gap theorem results in Yang-Mills theory<\/strong><\/a><\/span><br>Casey Kelleher (Princeton) 15-12-20<\/p>\n\n\n\n<p><a href=\"http:\/\/geometry.ulb.ac.be\/bowl\/nikon-kurnosov-university-college-london\/\"><strong>Deformation theory and geometry of Bogomolov-Guan manifolds<\/strong><\/a> <br>Nikon Kurnosov (University College London) 08-12-20<\/p>\n\n\n\n<p><a href=\"http:\/\/geometry.ulb.ac.be\/bowl\/jasmin-horter-karslruhe\/\"><strong>Limits of epsilon-harmonic maps<\/strong><\/a> <br>Jasmin H\u00f6rter (Karslruhe) 01-12-20<\/p>\n\n\n\n<p><a href=\"http:\/\/geometry.ulb.ac.be\/bowl\/dario-beraldo-university-college-london\/\"><strong>On the geometry of Bun_G near infinity<\/strong><\/a> <br>Dario Beraldo (University College London) 24-11-20 <\/p>\n\n\n\n<p><strong><a href=\"http:\/\/geometry.ulb.ac.be\/bowl\/jean-pierre-demailly-institut-fourier\/\" data-type=\"URL\" data-id=\"http:\/\/geometry.ulb.ac.be\/bowl\/jean-pierre-demailly-institut-fourier\/\">Hermitian-Yang-Mills approach to the conjecture of Griffiths on the positivity of ample vector bundles<\/a><\/strong> <br>Jean-Pierre Demailly (Institut Fourier) 17-11-20<\/p>\n\n\n\n<p><a href=\"http:\/\/geometry.ulb.ac.be\/bowl\/tristan-ozuch-mit\/\"><strong>Higher order obstructions to the desingularization of Einstein metrics<\/strong><\/a><br>Tristan Ozuch-Meersseman (MIT), 10-11-20<\/p>\n\n\n\n<p><strong><a href=\"http:\/\/geometry.ulb.ac.be\/bowl\/marco-guaraco-chicago\/\">Multiplicity of generic stable Allen-Cahn minimal hypersurfaces<\/a> <\/strong><br>Marco Guarco (Imperial College London), 03-11-20<\/p>\n\n\n\n<p><a href=\"http:\/\/geometry.ulb.ac.be\/bowl\/colleen-robles-duke\/\"><strong>Completions of period mappings<\/strong><\/a> <br>Colleen Robles (Duke), 27-10-20<\/p>\n\n\n\n<p><a href=\"http:\/\/geometry.ulb.ac.be\/bowl\/otis-chodosh-stanford\/\"><strong>Generic regularity of min-max minimal hypersurfaces in eight dimensions<\/strong><\/a> <br>Otis Chodosh (Stanford), 20-10-20<\/p>\n\n\n\n<p><a href=\"http:\/\/geometry.ulb.ac.be\/bowl\/daniel-stern-chicago\/\"><strong>Constructing minimal submanifolds via gauge theory<\/strong><\/a> <br>Daniel Stern (Chicago), 13-10-20<\/p>\n\n\n\n<p><a href=\"http:\/\/geometry.ulb.ac.be\/bowl\/carlo-scarpa-sissa-trieste\/\"><strong>The Hitchin-cscK system<\/strong><\/a> <br>Carlo Scarpa (SISSA, Trieste), 06-10-20<\/p>\n\n\n\n<p><a href=\"http:\/\/geometry.ulb.ac.be\/bowl\/goncalo-oliveira-fluminese\/\"><strong>G2-monopoles<\/strong><\/a> <br>Goncalo Oliveira (Fluminese), 29-09-20<\/p>\n\n\n\n<p><\/p>\n","protected":false},"excerpt":{"rendered":"<p>2021 The structure of mean curvature flow translators with finite total curvatureIlyas Khan (Oxford) 14-12-21 Type II smoothing in mean curvature flowPanagiota Daskalopoulos (Columbia) 30-11-21 VF convergence and scalar curvatureChristina Sormani (CUNY) 16-11-21 Foliations of asymptotically flat 3-manifoldsThomas K\u00f6rber (Vienna) 02-11-21 Non-compact Einstein manifolds with symmetryChristoph B\u00f6hm (M\u00fcnster) 19-10-21 The non-linear stability of the Schwarzschild [&hellip;]<\/p>\n","protected":false},"author":1,"featured_media":0,"parent":0,"menu_order":0,"comment_status":"closed","ping_status":"closed","template":"","meta":{"_genesis_hide_title":false,"_genesis_hide_breadcrumbs":false,"_genesis_hide_singular_image":false,"_genesis_hide_footer_widgets":false,"_genesis_custom_body_class":"","_genesis_custom_post_class":"","_genesis_layout":"","footnotes":""},"class_list":{"0":"post-82","1":"page","2":"type-page","3":"status-publish","5":"entry"},"featured_image_src":null,"featured_image_src_square":null,"_links":{"self":[{"href":"https:\/\/geometry.ulb.ac.be\/bowl\/wp-json\/wp\/v2\/pages\/82","targetHints":{"allow":["GET"]}}],"collection":[{"href":"https:\/\/geometry.ulb.ac.be\/bowl\/wp-json\/wp\/v2\/pages"}],"about":[{"href":"https:\/\/geometry.ulb.ac.be\/bowl\/wp-json\/wp\/v2\/types\/page"}],"author":[{"embeddable":true,"href":"https:\/\/geometry.ulb.ac.be\/bowl\/wp-json\/wp\/v2\/users\/1"}],"replies":[{"embeddable":true,"href":"https:\/\/geometry.ulb.ac.be\/bowl\/wp-json\/wp\/v2\/comments?post=82"}],"version-history":[{"count":26,"href":"https:\/\/geometry.ulb.ac.be\/bowl\/wp-json\/wp\/v2\/pages\/82\/revisions"}],"predecessor-version":[{"id":338,"href":"https:\/\/geometry.ulb.ac.be\/bowl\/wp-json\/wp\/v2\/pages\/82\/revisions\/338"}],"wp:attachment":[{"href":"https:\/\/geometry.ulb.ac.be\/bowl\/wp-json\/wp\/v2\/media?parent=82"}],"curies":[{"name":"wp","href":"https:\/\/api.w.org\/{rel}","templated":true}]}}